{"id":3,"date":"2024-02-16T18:58:02","date_gmt":"2024-02-16T18:58:02","guid":{"rendered":"https:\/\/homeservices-pro.com\/?page_id=3"},"modified":"2026-01-20T15:49:24","modified_gmt":"2026-01-20T15:49:24","slug":"privacy-policy","status":"publish","type":"page","link":"https:\/\/yordeniscorreoso.com\/en\/privacy-policy\/","title":{"rendered":"Privacy policy"},"content":{"rendered":"<div data-elementor-type=\"wp-page\" data-elementor-id=\"3\" class=\"elementor elementor-3\" data-elementor-post-type=\"page\">\n\t\t\t\t\t\t<section class=\"elementor-section elementor-top-section elementor-element elementor-element-3d993f16 ct-section-stretched elementor-section-boxed elementor-section-height-default elementor-section-height-default\" data-id=\"3d993f16\" data-element_type=\"section\" data-e-type=\"section\" data-settings=\"{&quot;background_background&quot;:&quot;classic&quot;}\">\n\t\t\t\t\t\t\t<div class=\"elementor-background-overlay\"><\/div>\n\t\t\t\t\t\t\t<div class=\"elementor-container elementor-column-gap-default\">\n\t\t\t\t\t<div class=\"elementor-column elementor-col-50 elementor-top-column elementor-element elementor-element-6dece22a\" data-id=\"6dece22a\" data-element_type=\"column\" data-e-type=\"column\">\n\t\t\t<div class=\"elementor-widget-wrap elementor-element-populated\">\n\t\t\t\t\t\t<div class=\"elementor-element elementor-element-b5f8c72 elementor-widget elementor-widget-breadcrumbs\" data-id=\"b5f8c72\" data-element_type=\"widget\" data-e-type=\"widget\" data-widget_type=\"breadcrumbs.default\">\n\t\t\t\t<div class=\"elementor-widget-container\">\n\t\t\t\t\t<p id=\"breadcrumbs\"><span><span><a href=\"https:\/\/yordeniscorreoso.com\/en\/\">Home<\/a><\/span><\/span><\/p>\t\t\t\t<\/div>\n\t\t\t\t<\/div>\n\t\t\t\t<div class=\"elementor-element elementor-element-5d000128 elementor-widget elementor-widget-heading\" data-id=\"5d000128\" data-element_type=\"widget\" data-e-type=\"widget\" data-widget_type=\"heading.default\">\n\t\t\t\t<div class=\"elementor-widget-container\">\n\t\t\t\t\t<h1 class=\"elementor-heading-title elementor-size-default\">Qui\u00e9nes somos<\/h1>\t\t\t\t<\/div>\n\t\t\t\t<\/div>\n\t\t\t\t<div class=\"elementor-element elementor-element-277ed6ba elementor-widget elementor-widget-text-editor\" data-id=\"277ed6ba\" data-element_type=\"widget\" data-e-type=\"widget\" data-widget_type=\"text-editor.default\">\n\t\t\t\t<div class=\"elementor-widget-container\">\n\t\t\t\t\t\t\t\t\t<p><strong class=\"privacy-policy-tutorial\">La direcci\u00f3n de nuestro sitio web es: <a href=\"https:\/\/yordeniscorreoso.com.\">https:\/\/yordeniscorreoso.com.<\/a><\/strong><\/p>\t\t\t\t\t\t\t\t<\/div>\n\t\t\t\t<\/div>\n\t\t\t\t\t<\/div>\n\t\t<\/div>\n\t\t\t\t<div class=\"elementor-column elementor-col-50 elementor-top-column elementor-element elementor-element-5d70b64 elementor-hidden-tablet elementor-hidden-mobile\" data-id=\"5d70b64\" data-element_type=\"column\" data-e-type=\"column\">\n\t\t\t<div class=\"elementor-widget-wrap\">\n\t\t\t\t\t\t\t<\/div>\n\t\t<\/div>\n\t\t\t\t\t<\/div>\n\t\t<\/section>\n\t\t<div class=\"elementor-element elementor-element-242c79ee e-flex e-con-boxed e-con e-parent\" data-id=\"242c79ee\" data-element_type=\"container\" data-e-type=\"container\">\n\t\t\t\t\t<div class=\"e-con-inner\">\n\t\t\t\t<div class=\"elementor-element elementor-element-3ef48e90 elementor-widget elementor-widget-text-editor\" data-id=\"3ef48e90\" data-element_type=\"widget\" data-e-type=\"widget\" data-widget_type=\"text-editor.default\">\n\t\t\t\t<div class=\"elementor-widget-container\">\n\t\t\t\t\t\t\t\t\t\n<h2 class=\"wp-block-heading\">Comentarios<\/h2>\n\n<p>Cuando los visitantes dejan comentarios en el sitio, recopilamos los datos que se muestran en el formulario de comentarios, y tambi\u00e9n la direcci\u00f3n IP del visitante y la cadena de agente de usuario del navegador para ayudar a la detecci\u00f3n de spam.<\/p>\n\n<p>Es posible que se proporcione una cadena an\u00f3nima creada a partir de su direcci\u00f3n de correo electr\u00f3nico (tambi\u00e9n llamada hash) al servicio Gravatar para ver si la est\u00e1 utilizando. La pol\u00edtica de privacidad del servicio Gravatar est\u00e1 disponible aqu\u00ed: <a href=\"https:\/\/yordeniscorreoso.com\/en\/privacy-policy\/\">https:\/\/yordeniscorreoso.com\/privacy-policy\/<\/a>. Despu\u00e9s de la aprobaci\u00f3n de su comentario, su foto de perfil es visible para el p\u00fablico en el contexto de su comentario.<\/p>\n\n<h2 class=\"wp-block-heading\">Media<\/h2>\n\n<p>If you upload images to the website, you should avoid uploading images with embedded location data (EXIF GPS) included. Visitors to the website can download and extract any location data from images on the website.<\/p>\n\n<h2 class=\"wp-block-heading\">Cookies<\/h2>\n\n<p>If you leave a comment on our site you may opt-in to saving your name, email address and website in cookies. These are for your convenience so that you do not have to fill in your details again when you leave another comment. These cookies will last for one year.<\/p>\n\n<p>If you visit our login page, we will set a temporary cookie to determine if your browser accepts cookies. This cookie contains no personal data and is discarded when you close your browser.<\/p>\n\n<p>When you log in, we will also set up several cookies to save your login information and your screen display choices. Login cookies last for two days, and screen options cookies last for a year. If you select \u00abRemember Me\u00bb, your login will persist for two weeks. If you log out of your account, the login cookies will be removed.<\/p>\n\n<p>If you edit or publish an article, an additional cookie will be saved in your browser. This cookie includes no personal data and simply indicates the post ID of the article you just edited. It expires after 1 day.<\/p>\n\n<h2 class=\"wp-block-heading\">Contenido incrustado de otros sitios web<\/h2>\n\n<p>Los art\u00edculos de este sitio pueden incluir contenido incrustado (por ejemplo, v\u00eddeos, im\u00e1genes, art\u00edculos, etc.). El contenido incrustado de otros sitios web se comporta exactamente de la misma manera que si el visitante hubiera visitado el otro sitio web.<\/p>\n<p>Estos sitios web pueden recopilar datos sobre usted, utilizar cookies, incrustar un seguimiento adicional de terceros y supervisar su interacci\u00f3n con ese contenido incrustado, incluido el seguimiento de su interacci\u00f3n con el contenido incrustado si tiene una cuenta y ha iniciado sesi\u00f3n en ese sitio web.<\/p>\n\n<h2 class=\"wp-block-heading\">Con qui\u00e9n compartimos sus datos<\/h2>\n\n<p>Si solicita un restablecimiento de contrase\u00f1a, su direcci\u00f3n IP se incluir\u00e1 en el correo electr\u00f3nico de restablecimiento.<\/p>\n\n<h2 class=\"wp-block-heading\">Cu\u00e1nto tiempo conservamos sus datos<\/h2>\n<p>Si dejas un comentario, el comentario y sus metadatos se conservan indefinidamente. Esto es para que podamos reconocer y aprobar cualquier comentario de seguimiento autom\u00e1ticamente en lugar de mantenerlos en una cola de moderaci\u00f3n.<\/p>\n<p>Para los usuarios que se registran en nuestro sitio web (si los hay), tambi\u00e9n almacenamos la informaci\u00f3n personal que proporcionan en su perfil de usuario. Todos los usuarios pueden ver, editar o eliminar su informaci\u00f3n personal en cualquier momento (excepto que no pueden cambiar su nombre de usuario). Los administradores del sitio web tambi\u00e9n pueden ver y editar esa informaci\u00f3n.<\/p>\n<h2 class=\"wp-block-heading\">Qu\u00e9 derechos tienes sobre tus datos\u00a0\u00a0\u00a0<\/h2>\n<p>Si tiene una cuenta en este sitio, o ha dejado comentarios, puede solicitar recibir un archivo exportado de los datos personales que tenemos sobre usted, incluidos los datos que nos haya proporcionado. Tambi\u00e9n puede solicitar que borremos cualquier dato personal que tengamos sobre usted. Esto no incluye ning\u00fan dato que estemos obligados a conservar con fines administrativos, legales o de seguridad.<\/p>\n<h2 class=\"wp-block-heading\">A d\u00f3nde se env\u00edan sus datos<\/h2>\n<p>Los comentarios de los visitantes pueden ser revisados a trav\u00e9s de un servicio automatizado de detecci\u00f3n de spam.<\/p>\n\t\t\t\t\t\t\t\t<\/div>\n\t\t\t\t<\/div>\n\t\t\t\t\t<\/div>\n\t\t\t\t<\/div>\n\t\t\t\t<\/div>","protected":false},"excerpt":{"rendered":"<p>Qui\u00e9nes somos La direcci\u00f3n de nuestro sitio web es: https:\/\/yordeniscorreoso.com. Comentarios Cuando los visitantes dejan comentarios en el sitio, recopilamos los datos que se muestran en el formulario de comentarios, y tambi\u00e9n la direcci\u00f3n IP del visitante y la cadena de agente de usuario del navegador para ayudar a la detecci\u00f3n de spam. Es posible [&hellip;]<\/p>","protected":false},"author":2,"featured_media":0,"parent":0,"menu_order":0,"comment_status":"closed","ping_status":"closed","template":"","meta":{"footnotes":""},"class_list":["post-3","page","type-page","status-publish","hentry"],"blocksy_meta":{"has_hero_section":"disabled","styles_descriptor":{"styles":{"desktop":"","tablet":"","mobile":""},"google_fonts":[],"version":6}},"yoast_head":"<!-- This site is optimized with the Yoast SEO plugin v27.2 - https:\/\/yoast.com\/product\/yoast-seo-wordpress\/ -->\n<title>Pol\u00edtica de Privacidad - Yordenis Correoso \u2013 Desarrollo Web y Soluciones Digitales en EE.UU.<\/title>\n<meta name=\"robots\" content=\"index, follow, max-snippet:-1, max-image-preview:large, max-video-preview:-1\" \/>\n<link rel=\"canonical\" href=\"https:\/\/yordeniscorreoso.com\/en\/privacy-policy\/\" \/>\n<meta property=\"og:locale\" content=\"en_US\" \/>\n<meta property=\"og:type\" content=\"article\" \/>\n<meta property=\"og:title\" content=\"Pol\u00edtica de Privacidad - Yordenis Correoso \u2013 Desarrollo Web y Soluciones Digitales en EE.UU.\" \/>\n<meta property=\"og:description\" content=\"Qui\u00e9nes somos La direcci\u00f3n de nuestro sitio web es: https:\/\/yordeniscorreoso.com. Comentarios Cuando los visitantes dejan comentarios en el sitio, recopilamos los datos que se muestran en el formulario de comentarios, y tambi\u00e9n la direcci\u00f3n IP del visitante y la cadena de agente de usuario del navegador para ayudar a la detecci\u00f3n de spam. Es posible [&hellip;]\" \/>\n<meta property=\"og:url\" content=\"https:\/\/yordeniscorreoso.com\/en\/privacy-policy\/\" \/>\n<meta property=\"og:site_name\" content=\"Yordenis Correoso \u2013 Desarrollo Web y Soluciones Digitales en EE.UU.\" \/>\n<meta property=\"article:modified_time\" content=\"2026-01-20T15:49:24+00:00\" \/>\n<meta name=\"twitter:card\" content=\"summary_large_image\" \/>\n<meta name=\"twitter:label1\" content=\"Est. reading time\" \/>\n\t<meta name=\"twitter:data1\" content=\"3 minutes\" \/>\n<script type=\"application\/ld+json\" class=\"yoast-schema-graph\">{\"@context\":\"https:\/\/schema.org\",\"@graph\":[{\"@type\":\"WebPage\",\"@id\":\"https:\/\/yordeniscorreoso.com\/privacy-policy\/\",\"url\":\"https:\/\/yordeniscorreoso.com\/privacy-policy\/\",\"name\":\"Pol\u00edtica de Privacidad - Yordenis Correoso \u2013 Desarrollo Web y Soluciones Digitales en EE.UU.\",\"isPartOf\":{\"@id\":\"https:\/\/yordeniscorreoso.com\/#website\"},\"datePublished\":\"2024-02-16T18:58:02+00:00\",\"dateModified\":\"2026-01-20T15:49:24+00:00\",\"breadcrumb\":{\"@id\":\"https:\/\/yordeniscorreoso.com\/privacy-policy\/#breadcrumb\"},\"inLanguage\":\"en-US\",\"potentialAction\":[{\"@type\":\"ReadAction\",\"target\":[\"https:\/\/yordeniscorreoso.com\/privacy-policy\/\"]}]},{\"@type\":\"BreadcrumbList\",\"@id\":\"https:\/\/yordeniscorreoso.com\/privacy-policy\/#breadcrumb\",\"itemListElement\":[{\"@type\":\"ListItem\",\"position\":1,\"name\":\"Home\",\"item\":\"https:\/\/yordeniscorreoso.com\/\"},{\"@type\":\"ListItem\",\"position\":2,\"name\":\"Pol\u00edtica de Privacidad\"}]},{\"@type\":\"WebSite\",\"@id\":\"https:\/\/yordeniscorreoso.com\/#website\",\"url\":\"https:\/\/yordeniscorreoso.com\/\",\"name\":\"Yordenis Correoso | Ingeniero Inform\u00e1tico y Desarrollador Web Full Stack\",\"description\":\"Yordenis Correoso (ingeniero de software con 10+ a\u00f1os)\",\"publisher\":{\"@id\":\"https:\/\/yordeniscorreoso.com\/#\/schema\/person\/24f4bcd3e3a8b7186299e5641b8d68f5\"},\"potentialAction\":[{\"@type\":\"SearchAction\",\"target\":{\"@type\":\"EntryPoint\",\"urlTemplate\":\"https:\/\/yordeniscorreoso.com\/?s={search_term_string}\"},\"query-input\":{\"@type\":\"PropertyValueSpecification\",\"valueRequired\":true,\"valueName\":\"search_term_string\"}}],\"inLanguage\":\"en-US\"},{\"@type\":[\"Person\",\"Organization\"],\"@id\":\"https:\/\/yordeniscorreoso.com\/#\/schema\/person\/24f4bcd3e3a8b7186299e5641b8d68f5\",\"name\":\"Yordenis Correoso\",\"image\":{\"@type\":\"ImageObject\",\"inLanguage\":\"en-US\",\"@id\":\"https:\/\/yordeniscorreoso.com\/wp-content\/uploads\/2024\/05\/icono.png\",\"url\":\"https:\/\/yordeniscorreoso.com\/wp-content\/uploads\/2024\/05\/icono.png\",\"contentUrl\":\"https:\/\/yordeniscorreoso.com\/wp-content\/uploads\/2024\/05\/icono.png\",\"width\":316,\"height\":316,\"caption\":\"Yordenis Correoso\"},\"logo\":{\"@id\":\"https:\/\/yordeniscorreoso.com\/wp-content\/uploads\/2024\/05\/icono.png\"},\"sameAs\":[\"https:\/\/yordeniscorreoso.com\/\"]}]}<\/script>\n<!-- \/ Yoast SEO plugin. -->","yoast_head_json":{"title":"Pol\u00edtica de Privacidad - Yordenis Correoso \u2013 Desarrollo Web y Soluciones Digitales en EE.UU.","robots":{"index":"index","follow":"follow","max-snippet":"max-snippet:-1","max-image-preview":"max-image-preview:large","max-video-preview":"max-video-preview:-1"},"canonical":"https:\/\/yordeniscorreoso.com\/en\/privacy-policy\/","og_locale":"en_US","og_type":"article","og_title":"Pol\u00edtica de Privacidad - Yordenis Correoso \u2013 Desarrollo Web y Soluciones Digitales en EE.UU.","og_description":"Qui\u00e9nes somos La direcci\u00f3n de nuestro sitio web es: https:\/\/yordeniscorreoso.com. Comentarios Cuando los visitantes dejan comentarios en el sitio, recopilamos los datos que se muestran en el formulario de comentarios, y tambi\u00e9n la direcci\u00f3n IP del visitante y la cadena de agente de usuario del navegador para ayudar a la detecci\u00f3n de spam. Es posible [&hellip;]","og_url":"https:\/\/yordeniscorreoso.com\/en\/privacy-policy\/","og_site_name":"Yordenis Correoso \u2013 Desarrollo Web y Soluciones Digitales en EE.UU.","article_modified_time":"2026-01-20T15:49:24+00:00","twitter_card":"summary_large_image","twitter_misc":{"Est. reading time":"3 minutes"},"schema":{"@context":"https:\/\/schema.org","@graph":[{"@type":"WebPage","@id":"https:\/\/yordeniscorreoso.com\/privacy-policy\/","url":"https:\/\/yordeniscorreoso.com\/privacy-policy\/","name":"Pol\u00edtica de Privacidad - Yordenis Correoso \u2013 Desarrollo Web y Soluciones Digitales en EE.UU.","isPartOf":{"@id":"https:\/\/yordeniscorreoso.com\/#website"},"datePublished":"2024-02-16T18:58:02+00:00","dateModified":"2026-01-20T15:49:24+00:00","breadcrumb":{"@id":"https:\/\/yordeniscorreoso.com\/privacy-policy\/#breadcrumb"},"inLanguage":"en-US","potentialAction":[{"@type":"ReadAction","target":["https:\/\/yordeniscorreoso.com\/privacy-policy\/"]}]},{"@type":"BreadcrumbList","@id":"https:\/\/yordeniscorreoso.com\/privacy-policy\/#breadcrumb","itemListElement":[{"@type":"ListItem","position":1,"name":"Home","item":"https:\/\/yordeniscorreoso.com\/"},{"@type":"ListItem","position":2,"name":"Pol\u00edtica de Privacidad"}]},{"@type":"WebSite","@id":"https:\/\/yordeniscorreoso.com\/#website","url":"https:\/\/yordeniscorreoso.com\/","name":"Yordenis Correoso | Ingeniero Inform\u00e1tico y Desarrollador Web Full Stack","description":"Yordenis Correoso (ingeniero de software con 10+ a\u00f1os)","publisher":{"@id":"https:\/\/yordeniscorreoso.com\/#\/schema\/person\/24f4bcd3e3a8b7186299e5641b8d68f5"},"potentialAction":[{"@type":"SearchAction","target":{"@type":"EntryPoint","urlTemplate":"https:\/\/yordeniscorreoso.com\/?s={search_term_string}"},"query-input":{"@type":"PropertyValueSpecification","valueRequired":true,"valueName":"search_term_string"}}],"inLanguage":"en-US"},{"@type":["Person","Organization"],"@id":"https:\/\/yordeniscorreoso.com\/#\/schema\/person\/24f4bcd3e3a8b7186299e5641b8d68f5","name":"Yordenis Correoso","image":{"@type":"ImageObject","inLanguage":"en-US","@id":"https:\/\/yordeniscorreoso.com\/wp-content\/uploads\/2024\/05\/icono.png","url":"https:\/\/yordeniscorreoso.com\/wp-content\/uploads\/2024\/05\/icono.png","contentUrl":"https:\/\/yordeniscorreoso.com\/wp-content\/uploads\/2024\/05\/icono.png","width":316,"height":316,"caption":"Yordenis Correoso"},"logo":{"@id":"https:\/\/yordeniscorreoso.com\/wp-content\/uploads\/2024\/05\/icono.png"},"sameAs":["https:\/\/yordeniscorreoso.com\/"]}]}},"_links":{"self":[{"href":"https:\/\/yordeniscorreoso.com\/en\/wp-json\/wp\/v2\/pages\/3","targetHints":{"allow":["GET"]}}],"collection":[{"href":"https:\/\/yordeniscorreoso.com\/en\/wp-json\/wp\/v2\/pages"}],"about":[{"href":"https:\/\/yordeniscorreoso.com\/en\/wp-json\/wp\/v2\/types\/page"}],"author":[{"embeddable":true,"href":"https:\/\/yordeniscorreoso.com\/en\/wp-json\/wp\/v2\/users\/2"}],"replies":[{"embeddable":true,"href":"https:\/\/yordeniscorreoso.com\/en\/wp-json\/wp\/v2\/comments?post=3"}],"version-history":[{"count":12,"href":"https:\/\/yordeniscorreoso.com\/en\/wp-json\/wp\/v2\/pages\/3\/revisions"}],"predecessor-version":[{"id":2079,"href":"https:\/\/yordeniscorreoso.com\/en\/wp-json\/wp\/v2\/pages\/3\/revisions\/2079"}],"wp:attachment":[{"href":"https:\/\/yordeniscorreoso.com\/en\/wp-json\/wp\/v2\/media?parent=3"}],"curies":[{"name":"wp","href":"https:\/\/api.w.org\/{rel}","templated":true}]}}