{"id":255,"date":"2024-04-11T22:03:12","date_gmt":"2024-04-11T22:03:12","guid":{"rendered":"http:\/\/yordenis-correoso.local\/?page_id=255"},"modified":"2026-01-20T15:56:42","modified_gmt":"2026-01-20T15:56:42","slug":"terminos-y-condiciones","status":"publish","type":"page","link":"https:\/\/yordeniscorreoso.com\/en\/terminos-y-condiciones\/","title":{"rendered":"Terms and Conditions"},"content":{"rendered":"<div data-elementor-type=\"wp-page\" data-elementor-id=\"255\" class=\"elementor elementor-255\" data-elementor-post-type=\"page\">\n\t\t\t\t\t\t<section class=\"elementor-section elementor-top-section elementor-element elementor-element-1b1ca8ec ct-section-stretched elementor-section-boxed elementor-section-height-default elementor-section-height-default\" data-id=\"1b1ca8ec\" data-element_type=\"section\" data-e-type=\"section\" data-settings=\"{&quot;background_background&quot;:&quot;classic&quot;}\">\n\t\t\t\t\t\t\t<div class=\"elementor-background-overlay\"><\/div>\n\t\t\t\t\t\t\t<div class=\"elementor-container elementor-column-gap-default\">\n\t\t\t\t\t<div class=\"elementor-column elementor-col-50 elementor-top-column elementor-element elementor-element-4476f551\" data-id=\"4476f551\" data-element_type=\"column\" data-e-type=\"column\">\n\t\t\t<div class=\"elementor-widget-wrap elementor-element-populated\">\n\t\t\t\t\t\t<div class=\"elementor-element elementor-element-4d8c9ce elementor-widget elementor-widget-breadcrumbs\" data-id=\"4d8c9ce\" data-element_type=\"widget\" data-e-type=\"widget\" data-widget_type=\"breadcrumbs.default\">\n\t\t\t\t<div class=\"elementor-widget-container\">\n\t\t\t\t\t<p id=\"breadcrumbs\"><span><span><a href=\"https:\/\/yordeniscorreoso.com\/en\/\">Home<\/a><\/span><\/span><\/p>\t\t\t\t<\/div>\n\t\t\t\t<\/div>\n\t\t\t\t<div class=\"elementor-element elementor-element-3d71f46c elementor-widget elementor-widget-text-editor\" data-id=\"3d71f46c\" data-element_type=\"widget\" data-e-type=\"widget\" data-widget_type=\"text-editor.default\">\n\t\t\t\t<div class=\"elementor-widget-container\">\n\t\t\t\t\t\t\t\t\t<p>Bienvenido a\u00a0<a href=\"https:\/\/yordeniscorreoso.com\/en\/\">yordeniscorreoso.com<\/a>. Al acceder y utilizar este sitio web, usted acepta y se adhiere a los siguientes t\u00e9rminos y condiciones.<\/p>\t\t\t\t\t\t\t\t<\/div>\n\t\t\t\t<\/div>\n\t\t\t\t\t<\/div>\n\t\t<\/div>\n\t\t\t\t<div class=\"elementor-column elementor-col-50 elementor-top-column elementor-element elementor-element-64eb7232 elementor-hidden-tablet elementor-hidden-mobile\" data-id=\"64eb7232\" data-element_type=\"column\" data-e-type=\"column\">\n\t\t\t<div class=\"elementor-widget-wrap\">\n\t\t\t\t\t\t\t<\/div>\n\t\t<\/div>\n\t\t\t\t\t<\/div>\n\t\t<\/section>\n\t\t<div class=\"elementor-element elementor-element-9c3244b e-con-full e-flex e-con e-parent\" data-id=\"9c3244b\" data-element_type=\"container\" data-e-type=\"container\">\n\t\t\t\t<div class=\"elementor-element elementor-element-cffdea8 elementor-widget elementor-widget-text-editor\" data-id=\"cffdea8\" data-element_type=\"widget\" data-e-type=\"widget\" data-widget_type=\"text-editor.default\">\n\t\t\t\t<div class=\"elementor-widget-container\">\n\t\t\t\t\t\t\t\t\t<h1>T\u00e9rminos y condiciones de uso de\u00a0yordeniscorreoso.com<\/h1><p>Por favor, l\u00e9alos atentamente, ya que el uso continuado del sitio \u00a0<a href=\"https:\/\/yordeniscorreoso.com\/en\/\">yordeniscorreoso.com<\/a> implica la aceptaci\u00f3n de estos t\u00e9rminos.<\/p><h2>Uso del Sitio<\/h2><p>Este sitio web est\u00e1 dise\u00f1ado para proporcionar informaci\u00f3n sobre servicios de desarrollo web, consejos de estrategia digital y crecimiento personal y profesional. Se permite navegar y utilizar las herramientas del sitio para estos fines, siempre respetando las leyes y regulaciones aplicables.<\/p><ol><li><strong>Servicios Personalizados<\/strong>: En yordeniscorreoso.com nos especializamos en ofrecerte servicios de desarrollo web personalizados. Desde sitios intuitivos hasta hosting de alto rendimiento, nos aseguramos de brindarte una experiencia digital sin fallos.<\/li><li><strong>Formaci\u00f3n en Negocios Digitales<\/strong>: Nuestro objetivo es equiparte con las herramientas y estrategias necesarias para prosperar en un mercado en l\u00ednea competitivo. Ofrecemos una formaci\u00f3n integral para que puedas florecer en el complejo mundo online.<\/li><li><strong>Objetivos del Sitio<\/strong>:<br \/>&#8211; Transformar digitalmente empresas y profesionales interesados en el mundo online.<br \/>&#8211; Incrementar la visibilidad y las ventas de nuestros clientes mediante t\u00e1cticas probadas y dise\u00f1o web avanzado.<br \/>&#8211; Educar y empoderar a los usuarios para que se conviertan en expertos digitales.<\/li><li><strong>Catalizador para el \u00c9xito Online<\/strong>: En yordeniscorreoso.com te ofrecemos un camino l\u00facido hacia el \u00e9xito online. Somos un centro de excelencia t\u00e9cnica, un compa\u00f1ero educativo en tu viaje digital, y un creador de soluciones adaptadas a tus necesidades.<\/li><\/ol><h2>Propiedad Intelectual<\/h2><p>El contenido publicado en\u00a0<a href=\"https:\/\/yordeniscorreoso.com\/en\/\">yordeniscorreoso.com<\/a>, incluidos textos, dise\u00f1os, gr\u00e1ficos y logos, est\u00e1 protegido por derechos de autor y es propiedad exclusiva de Yordenis Correoso. Cualquier uso no autorizado puede estar sujeto a sanciones bajo las leyes de propiedad intelectual.<\/p><h2>Privacidad<\/h2><p>El contenido publicado en\u00a0<a href=\"https:\/\/yordeniscorreoso.com\/en\/\">yordeniscorreoso.com<\/a>, incluidos textos, dise\u00f1os, gr\u00e1ficos y logos, est\u00e1 protegido por derechos de autor y es propiedad exclusiva de Yordenis Correoso. Cualquier uso no autorizado puede estar sujeto a sanciones bajo las leyes de propiedad intelectual.<\/p><h2>Limitaci\u00f3n de Responsabilidad<\/h2><p>Mientras nos esforzamos por mantener la informaci\u00f3n actualizada y correcta, no garantizamos la exactitud total de la informaci\u00f3n disponible en este sitio. Yordenis Correoso no ser\u00e1 responsable de ninguna p\u00e9rdida o da\u00f1o relacionado con el uso de este sitio.<\/p><h2>Modificaciones<\/h2><p>Nos reservamos el derecho de cambiar estos t\u00e9rminos y condiciones en cualquier momento. Es su responsabilidad revisar peri\u00f3dicamente si ha habido cambios.<\/p><h2>Contact<\/h2><p>Si tiene alguna pregunta sobre estos T\u00e9rminos y Condiciones, no dude en\u00a0<a href=\"https:\/\/yordeniscorreoso.com\/en\/contacto\/\">contactarnos<\/a>.<\/p><p>Al utilizar\u00a0<a href=\"https:\/\/yordeniscorreoso.com\/en\/\">yordeniscorreoso.com<\/a>, usted est\u00e1 aceptando estas condiciones. Agradecemos su comprensi\u00f3n y estamos deseosos de ayudarle a construir un futuro digital exitoso.<\/p>\t\t\t\t\t\t\t\t<\/div>\n\t\t\t\t<\/div>\n\t\t\t\t<\/div>\n\t\t\t\t<\/div>","protected":false},"excerpt":{"rendered":"<p>Bienvenido a\u00a0yordeniscorreoso.com. Al acceder y utilizar este sitio web, usted acepta y se adhiere a los siguientes t\u00e9rminos y condiciones. T\u00e9rminos y condiciones de uso de\u00a0yordeniscorreoso.com Por favor, l\u00e9alos atentamente, ya que el uso continuado del sitio \u00a0yordeniscorreoso.com implica la aceptaci\u00f3n de estos t\u00e9rminos. Uso del Sitio Este sitio web est\u00e1 dise\u00f1ado para proporcionar informaci\u00f3n [&hellip;]<\/p>","protected":false},"author":2,"featured_media":0,"parent":0,"menu_order":0,"comment_status":"closed","ping_status":"closed","template":"","meta":{"footnotes":""},"class_list":["post-255","page","type-page","status-publish","hentry"],"blocksy_meta":{"has_hero_section":"disabled","styles_descriptor":{"styles":{"desktop":"","tablet":"","mobile":""},"google_fonts":[],"version":6}},"yoast_head":"<!-- This site is optimized with the Yoast SEO plugin v27.2 - https:\/\/yoast.com\/product\/yoast-seo-wordpress\/ -->\n<title>T\u00e9rminos y Condiciones - Yordenis Correoso \u2013 Desarrollo Web y Soluciones Digitales en EE.UU.<\/title>\n<meta name=\"robots\" content=\"index, follow, max-snippet:-1, max-image-preview:large, max-video-preview:-1\" \/>\n<link rel=\"canonical\" href=\"https:\/\/yordeniscorreoso.com\/en\/terminos-y-condiciones\/\" \/>\n<meta property=\"og:locale\" content=\"en_US\" \/>\n<meta property=\"og:type\" content=\"article\" \/>\n<meta property=\"og:title\" content=\"T\u00e9rminos y Condiciones - Yordenis Correoso \u2013 Desarrollo Web y Soluciones Digitales en EE.UU.\" \/>\n<meta property=\"og:description\" content=\"Bienvenido a\u00a0yordeniscorreoso.com. Al acceder y utilizar este sitio web, usted acepta y se adhiere a los siguientes t\u00e9rminos y condiciones. T\u00e9rminos y condiciones de uso de\u00a0yordeniscorreoso.com Por favor, l\u00e9alos atentamente, ya que el uso continuado del sitio \u00a0yordeniscorreoso.com implica la aceptaci\u00f3n de estos t\u00e9rminos. Uso del Sitio Este sitio web est\u00e1 dise\u00f1ado para proporcionar informaci\u00f3n [&hellip;]\" \/>\n<meta property=\"og:url\" content=\"https:\/\/yordeniscorreoso.com\/en\/terminos-y-condiciones\/\" \/>\n<meta property=\"og:site_name\" content=\"Yordenis Correoso \u2013 Desarrollo Web y Soluciones Digitales en EE.UU.\" \/>\n<meta property=\"article:modified_time\" content=\"2026-01-20T15:56:42+00:00\" \/>\n<meta name=\"twitter:card\" content=\"summary_large_image\" \/>\n<meta name=\"twitter:label1\" content=\"Est. reading time\" \/>\n\t<meta name=\"twitter:data1\" content=\"2 minutes\" \/>\n<script type=\"application\/ld+json\" class=\"yoast-schema-graph\">{\"@context\":\"https:\/\/schema.org\",\"@graph\":[{\"@type\":\"WebPage\",\"@id\":\"https:\/\/yordeniscorreoso.com\/terminos-y-condiciones\/\",\"url\":\"https:\/\/yordeniscorreoso.com\/terminos-y-condiciones\/\",\"name\":\"T\u00e9rminos y Condiciones - Yordenis Correoso \u2013 Desarrollo Web y Soluciones Digitales en EE.UU.\",\"isPartOf\":{\"@id\":\"https:\/\/yordeniscorreoso.com\/#website\"},\"datePublished\":\"2024-04-11T22:03:12+00:00\",\"dateModified\":\"2026-01-20T15:56:42+00:00\",\"breadcrumb\":{\"@id\":\"https:\/\/yordeniscorreoso.com\/terminos-y-condiciones\/#breadcrumb\"},\"inLanguage\":\"en-US\",\"potentialAction\":[{\"@type\":\"ReadAction\",\"target\":[\"https:\/\/yordeniscorreoso.com\/terminos-y-condiciones\/\"]}]},{\"@type\":\"BreadcrumbList\",\"@id\":\"https:\/\/yordeniscorreoso.com\/terminos-y-condiciones\/#breadcrumb\",\"itemListElement\":[{\"@type\":\"ListItem\",\"position\":1,\"name\":\"Home\",\"item\":\"https:\/\/yordeniscorreoso.com\/\"},{\"@type\":\"ListItem\",\"position\":2,\"name\":\"T\u00e9rminos y Condiciones\"}]},{\"@type\":\"WebSite\",\"@id\":\"https:\/\/yordeniscorreoso.com\/#website\",\"url\":\"https:\/\/yordeniscorreoso.com\/\",\"name\":\"Yordenis Correoso | Ingeniero Inform\u00e1tico y Desarrollador Web Full Stack\",\"description\":\"Yordenis Correoso (ingeniero de software con 10+ a\u00f1os)\",\"publisher\":{\"@id\":\"https:\/\/yordeniscorreoso.com\/#\/schema\/person\/24f4bcd3e3a8b7186299e5641b8d68f5\"},\"potentialAction\":[{\"@type\":\"SearchAction\",\"target\":{\"@type\":\"EntryPoint\",\"urlTemplate\":\"https:\/\/yordeniscorreoso.com\/?s={search_term_string}\"},\"query-input\":{\"@type\":\"PropertyValueSpecification\",\"valueRequired\":true,\"valueName\":\"search_term_string\"}}],\"inLanguage\":\"en-US\"},{\"@type\":[\"Person\",\"Organization\"],\"@id\":\"https:\/\/yordeniscorreoso.com\/#\/schema\/person\/24f4bcd3e3a8b7186299e5641b8d68f5\",\"name\":\"Yordenis Correoso\",\"image\":{\"@type\":\"ImageObject\",\"inLanguage\":\"en-US\",\"@id\":\"https:\/\/yordeniscorreoso.com\/wp-content\/uploads\/2024\/05\/icono.png\",\"url\":\"https:\/\/yordeniscorreoso.com\/wp-content\/uploads\/2024\/05\/icono.png\",\"contentUrl\":\"https:\/\/yordeniscorreoso.com\/wp-content\/uploads\/2024\/05\/icono.png\",\"width\":316,\"height\":316,\"caption\":\"Yordenis Correoso\"},\"logo\":{\"@id\":\"https:\/\/yordeniscorreoso.com\/wp-content\/uploads\/2024\/05\/icono.png\"},\"sameAs\":[\"https:\/\/yordeniscorreoso.com\/\"]}]}<\/script>\n<!-- \/ Yoast SEO plugin. -->","yoast_head_json":{"title":"T\u00e9rminos y Condiciones - Yordenis Correoso \u2013 Desarrollo Web y Soluciones Digitales en EE.UU.","robots":{"index":"index","follow":"follow","max-snippet":"max-snippet:-1","max-image-preview":"max-image-preview:large","max-video-preview":"max-video-preview:-1"},"canonical":"https:\/\/yordeniscorreoso.com\/en\/terminos-y-condiciones\/","og_locale":"en_US","og_type":"article","og_title":"T\u00e9rminos y Condiciones - Yordenis Correoso \u2013 Desarrollo Web y Soluciones Digitales en EE.UU.","og_description":"Bienvenido a\u00a0yordeniscorreoso.com. Al acceder y utilizar este sitio web, usted acepta y se adhiere a los siguientes t\u00e9rminos y condiciones. T\u00e9rminos y condiciones de uso de\u00a0yordeniscorreoso.com Por favor, l\u00e9alos atentamente, ya que el uso continuado del sitio \u00a0yordeniscorreoso.com implica la aceptaci\u00f3n de estos t\u00e9rminos. Uso del Sitio Este sitio web est\u00e1 dise\u00f1ado para proporcionar informaci\u00f3n [&hellip;]","og_url":"https:\/\/yordeniscorreoso.com\/en\/terminos-y-condiciones\/","og_site_name":"Yordenis Correoso \u2013 Desarrollo Web y Soluciones Digitales en EE.UU.","article_modified_time":"2026-01-20T15:56:42+00:00","twitter_card":"summary_large_image","twitter_misc":{"Est. reading time":"2 minutes"},"schema":{"@context":"https:\/\/schema.org","@graph":[{"@type":"WebPage","@id":"https:\/\/yordeniscorreoso.com\/terminos-y-condiciones\/","url":"https:\/\/yordeniscorreoso.com\/terminos-y-condiciones\/","name":"T\u00e9rminos y Condiciones - Yordenis Correoso \u2013 Desarrollo Web y Soluciones Digitales en EE.UU.","isPartOf":{"@id":"https:\/\/yordeniscorreoso.com\/#website"},"datePublished":"2024-04-11T22:03:12+00:00","dateModified":"2026-01-20T15:56:42+00:00","breadcrumb":{"@id":"https:\/\/yordeniscorreoso.com\/terminos-y-condiciones\/#breadcrumb"},"inLanguage":"en-US","potentialAction":[{"@type":"ReadAction","target":["https:\/\/yordeniscorreoso.com\/terminos-y-condiciones\/"]}]},{"@type":"BreadcrumbList","@id":"https:\/\/yordeniscorreoso.com\/terminos-y-condiciones\/#breadcrumb","itemListElement":[{"@type":"ListItem","position":1,"name":"Home","item":"https:\/\/yordeniscorreoso.com\/"},{"@type":"ListItem","position":2,"name":"T\u00e9rminos y Condiciones"}]},{"@type":"WebSite","@id":"https:\/\/yordeniscorreoso.com\/#website","url":"https:\/\/yordeniscorreoso.com\/","name":"Yordenis Correoso | Ingeniero Inform\u00e1tico y Desarrollador Web Full Stack","description":"Yordenis Correoso (ingeniero de software con 10+ a\u00f1os)","publisher":{"@id":"https:\/\/yordeniscorreoso.com\/#\/schema\/person\/24f4bcd3e3a8b7186299e5641b8d68f5"},"potentialAction":[{"@type":"SearchAction","target":{"@type":"EntryPoint","urlTemplate":"https:\/\/yordeniscorreoso.com\/?s={search_term_string}"},"query-input":{"@type":"PropertyValueSpecification","valueRequired":true,"valueName":"search_term_string"}}],"inLanguage":"en-US"},{"@type":["Person","Organization"],"@id":"https:\/\/yordeniscorreoso.com\/#\/schema\/person\/24f4bcd3e3a8b7186299e5641b8d68f5","name":"Yordenis Correoso","image":{"@type":"ImageObject","inLanguage":"en-US","@id":"https:\/\/yordeniscorreoso.com\/wp-content\/uploads\/2024\/05\/icono.png","url":"https:\/\/yordeniscorreoso.com\/wp-content\/uploads\/2024\/05\/icono.png","contentUrl":"https:\/\/yordeniscorreoso.com\/wp-content\/uploads\/2024\/05\/icono.png","width":316,"height":316,"caption":"Yordenis Correoso"},"logo":{"@id":"https:\/\/yordeniscorreoso.com\/wp-content\/uploads\/2024\/05\/icono.png"},"sameAs":["https:\/\/yordeniscorreoso.com\/"]}]}},"_links":{"self":[{"href":"https:\/\/yordeniscorreoso.com\/en\/wp-json\/wp\/v2\/pages\/255","targetHints":{"allow":["GET"]}}],"collection":[{"href":"https:\/\/yordeniscorreoso.com\/en\/wp-json\/wp\/v2\/pages"}],"about":[{"href":"https:\/\/yordeniscorreoso.com\/en\/wp-json\/wp\/v2\/types\/page"}],"author":[{"embeddable":true,"href":"https:\/\/yordeniscorreoso.com\/en\/wp-json\/wp\/v2\/users\/2"}],"replies":[{"embeddable":true,"href":"https:\/\/yordeniscorreoso.com\/en\/wp-json\/wp\/v2\/comments?post=255"}],"version-history":[{"count":40,"href":"https:\/\/yordeniscorreoso.com\/en\/wp-json\/wp\/v2\/pages\/255\/revisions"}],"predecessor-version":[{"id":2099,"href":"https:\/\/yordeniscorreoso.com\/en\/wp-json\/wp\/v2\/pages\/255\/revisions\/2099"}],"wp:attachment":[{"href":"https:\/\/yordeniscorreoso.com\/en\/wp-json\/wp\/v2\/media?parent=255"}],"curies":[{"name":"wp","href":"https:\/\/api.w.org\/{rel}","templated":true}]}}